{"id":121,"date":"2012-09-04T15:56:44","date_gmt":"2012-09-04T13:56:44","guid":{"rendered":"http:\/\/galeriekoenig.com\/?page_id=121"},"modified":"2012-11-05T11:36:46","modified_gmt":"2012-11-05T09:36:46","slug":"text-micky","status":"publish","type":"page","link":"http:\/\/galeriekoenig.com\/?page_id=121","title":{"rendered":"Text Micky"},"content":{"rendered":"<p><strong>Wenn die Kunst sich selber richtet!<\/strong><\/p>\n<p>Wie kaum ein anderer K\u00fcnstler unserer Zeit hat Micky Mauss die Kunst des 20. Jahrhunderts in ihren unterschiedlichen Ausformungen ironisch zitiert, desillusioniert oder ins Absurde verkehrt. Micky Mauss ist kein Maler, obwohl er Bilder macht, kein Bildhauer, obwohl er Skulpturen und Installationen schafft, kein Architekt, obwohl er baut und kein Fotograf, obwohl er fotografiert. In ihm verk\u00f6rpert sich die Negation des K\u00fcnstlertums akademischer Tradition. Alle seine Arbeiten basieren auf dem Prinzip der Collage oder der Montage. Dabei geht es prim\u00e4r nicht um Innovation und Originalit\u00e4t, sondern um Differenz und Widerspruch. Seine Entmystifizierung von etablierten und zur Norm gewordenen Vorstellungen machen dabei nicht Halt vor Kasimir Malewitsch, Marcel Duchamp, Donald Judd, Joseph Beuys und anderen. Damit bricht Mauss mit herk\u00f6mmlichen Codes der Kunst und regt ein Nachdenken dar\u00fcber an, welche Funktionen sie \u00fcberhaupt noch wahrnehmen kann und an wen sie sich heute wendet. Nicht nur in seiner Generation gilt er als einer der wichtigsten und einflussreichsten K\u00fcnstler.<\/p>\n","protected":false},"excerpt":{"rendered":"<p>Wenn die Kunst sich selber richtet! Wie kaum ein anderer K\u00fcnstler unserer Zeit hat Micky Mauss die Kunst des 20. Jahrhunderts in ihren unterschiedlichen Ausformungen ironisch zitiert, desillusioniert oder ins Absurde verkehrt. Micky Mauss ist kein Maler, obwohl er Bilder &hellip; <a href=\"http:\/\/galeriekoenig.com\/?page_id=121\">Weiterlesen <span class=\"meta-nav\">&rarr;<\/span><\/a><\/p>\n","protected":false},"author":1,"featured_media":0,"parent":0,"menu_order":0,"comment_status":"closed","ping_status":"open","template":"","meta":[],"_links":{"self":[{"href":"http:\/\/galeriekoenig.com\/index.php?rest_route=\/wp\/v2\/pages\/121"}],"collection":[{"href":"http:\/\/galeriekoenig.com\/index.php?rest_route=\/wp\/v2\/pages"}],"about":[{"href":"http:\/\/galeriekoenig.com\/index.php?rest_route=\/wp\/v2\/types\/page"}],"author":[{"embeddable":true,"href":"http:\/\/galeriekoenig.com\/index.php?rest_route=\/wp\/v2\/users\/1"}],"replies":[{"embeddable":true,"href":"http:\/\/galeriekoenig.com\/index.php?rest_route=%2Fwp%2Fv2%2Fcomments&post=121"}],"version-history":[{"count":5,"href":"http:\/\/galeriekoenig.com\/index.php?rest_route=\/wp\/v2\/pages\/121\/revisions"}],"predecessor-version":[{"id":180,"href":"http:\/\/galeriekoenig.com\/index.php?rest_route=\/wp\/v2\/pages\/121\/revisions\/180"}],"wp:attachment":[{"href":"http:\/\/galeriekoenig.com\/index.php?rest_route=%2Fwp%2Fv2%2Fmedia&parent=121"}],"curies":[{"name":"wp","href":"https:\/\/api.w.org\/{rel}","templated":true}]}}